{"id":1018,"date":"2019-03-28T12:13:50","date_gmt":"2019-03-28T11:13:50","guid":{"rendered":"https:\/\/www.smip.cz\/fuer-stufen-verwendetes-material\/drevo\/"},"modified":"2019-07-04T12:13:41","modified_gmt":"2019-07-04T10:13:41","slug":"holz","status":"publish","type":"page","link":"https:\/\/www.smip.cz\/de\/fur-stufen-verwendetes-material\/holz\/","title":{"rendered":"Holz"},"content":{"rendered":"","protected":false},"excerpt":{"rendered":"","protected":false},"author":2,"featured_media":0,"parent":1013,"menu_order":0,"comment_status":"closed","ping_status":"closed","template":"templates\/vzornik.php","meta":{"_acf_changed":false,"footnotes":""},"class_list":["post-1018","page","type-page","status-publish","hentry"],"acf":[],"yoast_head":"<!-- This site is optimized with the Yoast SEO plugin v25.1 - https:\/\/yoast.com\/wordpress\/plugins\/seo\/ -->\n<title>Holz - SMIP s.r.o. - Herstellung von Treppen, Treppen und Gel\u00e4ndern<\/title>\n<meta name=\"description\" content=\"Nab\u00edz\u00edme v\u00fdrobu d\u0159ev\u011bn\u00fdch schodi\u0161t na m\u00edru. Prohl\u00eddn\u011bte si n\u00e1\u0161 vzorn\u00edk online. Nab\u00edz\u00edme i d\u0159evo exoti\u010dt\u011bj\u0161\u00edho p\u016fvodu jako je acacie \u010di o\u0159e\u0161\u00e1k.\" \/>\n<meta name=\"robots\" content=\"index, follow, max-snippet:-1, max-image-preview:large, max-video-preview:-1\" \/>\n<link rel=\"canonical\" href=\"https:\/\/www.smip.cz\/de\/fur-stufen-verwendetes-material\/holz\/\" \/>\n<meta property=\"og:locale\" content=\"de_DE\" \/>\n<meta property=\"og:type\" content=\"article\" \/>\n<meta property=\"og:title\" content=\"Holz - SMIP s.r.o. - Herstellung von Treppen, Treppen und Gel\u00e4ndern\" \/>\n<meta property=\"og:description\" content=\"Nab\u00edz\u00edme v\u00fdrobu d\u0159ev\u011bn\u00fdch schodi\u0161t na m\u00edru. Prohl\u00eddn\u011bte si n\u00e1\u0161 vzorn\u00edk online. Nab\u00edz\u00edme i d\u0159evo exoti\u010dt\u011bj\u0161\u00edho p\u016fvodu jako je acacie \u010di o\u0159e\u0161\u00e1k.\" \/>\n<meta property=\"og:url\" content=\"https:\/\/www.smip.cz\/de\/fur-stufen-verwendetes-material\/holz\/\" \/>\n<meta property=\"og:site_name\" content=\"SMIP s.r.o. - Herstellung von Treppen, Treppen und Gel\u00e4ndern\" \/>\n<meta property=\"article:modified_time\" content=\"2019-07-04T10:13:41+00:00\" \/>\n<meta name=\"twitter:card\" content=\"summary_large_image\" \/>\n<script type=\"application\/ld+json\" class=\"yoast-schema-graph\">{\"@context\":\"https:\/\/schema.org\",\"@graph\":[{\"@type\":\"WebPage\",\"@id\":\"https:\/\/www.smip.cz\/de\/fur-stufen-verwendetes-material\/holz\/\",\"url\":\"https:\/\/www.smip.cz\/de\/fur-stufen-verwendetes-material\/holz\/\",\"name\":\"Holz - SMIP s.r.o. - Herstellung von Treppen, Treppen und Gel\u00e4ndern\",\"isPartOf\":{\"@id\":\"https:\/\/www.smip.cz\/de\/#website\"},\"datePublished\":\"2019-03-28T11:13:50+00:00\",\"dateModified\":\"2019-07-04T10:13:41+00:00\",\"description\":\"Nab\u00edz\u00edme v\u00fdrobu d\u0159ev\u011bn\u00fdch schodi\u0161t na m\u00edru. Prohl\u00eddn\u011bte si n\u00e1\u0161 vzorn\u00edk online. Nab\u00edz\u00edme i d\u0159evo exoti\u010dt\u011bj\u0161\u00edho p\u016fvodu jako je acacie \u010di o\u0159e\u0161\u00e1k.\",\"breadcrumb\":{\"@id\":\"https:\/\/www.smip.cz\/de\/fur-stufen-verwendetes-material\/holz\/#breadcrumb\"},\"inLanguage\":\"de\",\"potentialAction\":[{\"@type\":\"ReadAction\",\"target\":[\"https:\/\/www.smip.cz\/de\/fur-stufen-verwendetes-material\/holz\/\"]}]},{\"@type\":\"BreadcrumbList\",\"@id\":\"https:\/\/www.smip.cz\/de\/fur-stufen-verwendetes-material\/holz\/#breadcrumb\",\"itemListElement\":[{\"@type\":\"ListItem\",\"position\":1,\"name\":\"F\u00fcr Stufen verwendetes Material\",\"item\":\"https:\/\/www.smip.cz\/de\/fur-stufen-verwendetes-material\/\"},{\"@type\":\"ListItem\",\"position\":2,\"name\":\"Holz\"}]},{\"@type\":\"WebSite\",\"@id\":\"https:\/\/www.smip.cz\/de\/#website\",\"url\":\"https:\/\/www.smip.cz\/de\/\",\"name\":\"SMIP s.r.o. - Herstellung von Treppen, Treppen und Gel\u00e4ndern\",\"description\":\"Immer eine Etage h\u00f6her\",\"potentialAction\":[{\"@type\":\"SearchAction\",\"target\":{\"@type\":\"EntryPoint\",\"urlTemplate\":\"https:\/\/www.smip.cz\/de\/?s={search_term_string}\"},\"query-input\":{\"@type\":\"PropertyValueSpecification\",\"valueRequired\":true,\"valueName\":\"search_term_string\"}}],\"inLanguage\":\"de\"}]}<\/script>\n<!-- \/ Yoast SEO plugin. -->","yoast_head_json":{"title":"Holz - SMIP s.r.o. - Herstellung von Treppen, Treppen und Gel\u00e4ndern","description":"Nab\u00edz\u00edme v\u00fdrobu d\u0159ev\u011bn\u00fdch schodi\u0161t na m\u00edru. Prohl\u00eddn\u011bte si n\u00e1\u0161 vzorn\u00edk online. Nab\u00edz\u00edme i d\u0159evo exoti\u010dt\u011bj\u0161\u00edho p\u016fvodu jako je acacie \u010di o\u0159e\u0161\u00e1k.","robots":{"index":"index","follow":"follow","max-snippet":"max-snippet:-1","max-image-preview":"max-image-preview:large","max-video-preview":"max-video-preview:-1"},"canonical":"https:\/\/www.smip.cz\/de\/fur-stufen-verwendetes-material\/holz\/","og_locale":"de_DE","og_type":"article","og_title":"Holz - SMIP s.r.o. - Herstellung von Treppen, Treppen und Gel\u00e4ndern","og_description":"Nab\u00edz\u00edme v\u00fdrobu d\u0159ev\u011bn\u00fdch schodi\u0161t na m\u00edru. Prohl\u00eddn\u011bte si n\u00e1\u0161 vzorn\u00edk online. Nab\u00edz\u00edme i d\u0159evo exoti\u010dt\u011bj\u0161\u00edho p\u016fvodu jako je acacie \u010di o\u0159e\u0161\u00e1k.","og_url":"https:\/\/www.smip.cz\/de\/fur-stufen-verwendetes-material\/holz\/","og_site_name":"SMIP s.r.o. - Herstellung von Treppen, Treppen und Gel\u00e4ndern","article_modified_time":"2019-07-04T10:13:41+00:00","twitter_card":"summary_large_image","schema":{"@context":"https:\/\/schema.org","@graph":[{"@type":"WebPage","@id":"https:\/\/www.smip.cz\/de\/fur-stufen-verwendetes-material\/holz\/","url":"https:\/\/www.smip.cz\/de\/fur-stufen-verwendetes-material\/holz\/","name":"Holz - SMIP s.r.o. - Herstellung von Treppen, Treppen und Gel\u00e4ndern","isPartOf":{"@id":"https:\/\/www.smip.cz\/de\/#website"},"datePublished":"2019-03-28T11:13:50+00:00","dateModified":"2019-07-04T10:13:41+00:00","description":"Nab\u00edz\u00edme v\u00fdrobu d\u0159ev\u011bn\u00fdch schodi\u0161t na m\u00edru. Prohl\u00eddn\u011bte si n\u00e1\u0161 vzorn\u00edk online. Nab\u00edz\u00edme i d\u0159evo exoti\u010dt\u011bj\u0161\u00edho p\u016fvodu jako je acacie \u010di o\u0159e\u0161\u00e1k.","breadcrumb":{"@id":"https:\/\/www.smip.cz\/de\/fur-stufen-verwendetes-material\/holz\/#breadcrumb"},"inLanguage":"de","potentialAction":[{"@type":"ReadAction","target":["https:\/\/www.smip.cz\/de\/fur-stufen-verwendetes-material\/holz\/"]}]},{"@type":"BreadcrumbList","@id":"https:\/\/www.smip.cz\/de\/fur-stufen-verwendetes-material\/holz\/#breadcrumb","itemListElement":[{"@type":"ListItem","position":1,"name":"F\u00fcr Stufen verwendetes Material","item":"https:\/\/www.smip.cz\/de\/fur-stufen-verwendetes-material\/"},{"@type":"ListItem","position":2,"name":"Holz"}]},{"@type":"WebSite","@id":"https:\/\/www.smip.cz\/de\/#website","url":"https:\/\/www.smip.cz\/de\/","name":"SMIP s.r.o. - Herstellung von Treppen, Treppen und Gel\u00e4ndern","description":"Immer eine Etage h\u00f6her","potentialAction":[{"@type":"SearchAction","target":{"@type":"EntryPoint","urlTemplate":"https:\/\/www.smip.cz\/de\/?s={search_term_string}"},"query-input":{"@type":"PropertyValueSpecification","valueRequired":true,"valueName":"search_term_string"}}],"inLanguage":"de"}]}},"_links":{"self":[{"href":"https:\/\/www.smip.cz\/de\/wp-json\/wp\/v2\/pages\/1018","targetHints":{"allow":["GET"]}}],"collection":[{"href":"https:\/\/www.smip.cz\/de\/wp-json\/wp\/v2\/pages"}],"about":[{"href":"https:\/\/www.smip.cz\/de\/wp-json\/wp\/v2\/types\/page"}],"author":[{"embeddable":true,"href":"https:\/\/www.smip.cz\/de\/wp-json\/wp\/v2\/users\/2"}],"replies":[{"embeddable":true,"href":"https:\/\/www.smip.cz\/de\/wp-json\/wp\/v2\/comments?post=1018"}],"version-history":[{"count":2,"href":"https:\/\/www.smip.cz\/de\/wp-json\/wp\/v2\/pages\/1018\/revisions"}],"predecessor-version":[{"id":1020,"href":"https:\/\/www.smip.cz\/de\/wp-json\/wp\/v2\/pages\/1018\/revisions\/1020"}],"up":[{"embeddable":true,"href":"https:\/\/www.smip.cz\/de\/wp-json\/wp\/v2\/pages\/1013"}],"wp:attachment":[{"href":"https:\/\/www.smip.cz\/de\/wp-json\/wp\/v2\/media?parent=1018"}],"curies":[{"name":"wp","href":"https:\/\/api.w.org\/{rel}","templated":true}]}}