{"id":1022,"date":"2019-03-28T12:11:58","date_gmt":"2019-03-28T11:11:58","guid":{"rendered":"https:\/\/www.smip.cz\/fuer-stufen-verwendetes-material\/tvrzeny-kamen\/"},"modified":"2019-07-04T12:13:23","modified_gmt":"2019-07-04T10:13:23","slug":"geharteter-stein","status":"publish","type":"page","link":"https:\/\/www.smip.cz\/de\/fur-stufen-verwendetes-material\/geharteter-stein\/","title":{"rendered":"Geh\u00e4rteter Stein"},"content":{"rendered":"","protected":false},"excerpt":{"rendered":"","protected":false},"author":2,"featured_media":0,"parent":1013,"menu_order":0,"comment_status":"closed","ping_status":"closed","template":"templates\/vzornik.php","meta":{"_acf_changed":false,"footnotes":""},"class_list":["post-1022","page","type-page","status-publish","hentry"],"acf":[],"yoast_head":"<!-- This site is optimized with the Yoast SEO plugin v25.1 - https:\/\/yoast.com\/wordpress\/plugins\/seo\/ -->\n<title>Geh\u00e4rteter Stein - SMIP s.r.o.<\/title>\n<meta name=\"description\" content=\"Vyr\u00e1b\u00edme a instalujeme kamenn\u00e1 schodi\u0161t\u011b V\u00e1m na m\u00edru. Kamenn\u00e9 schody jsou modern\u00ed a hlavn\u011b trval\u00e9 a vn\u011bj\u0161\u00ed schodi\u0161t\u011b se tak stane ozdobou domu.\" \/>\n<meta name=\"robots\" content=\"index, follow, max-snippet:-1, max-image-preview:large, max-video-preview:-1\" \/>\n<link rel=\"canonical\" href=\"https:\/\/www.smip.cz\/de\/fur-stufen-verwendetes-material\/geharteter-stein\/\" \/>\n<meta property=\"og:locale\" content=\"de_DE\" \/>\n<meta property=\"og:type\" content=\"article\" \/>\n<meta property=\"og:title\" content=\"Geh\u00e4rteter Stein - SMIP s.r.o.\" \/>\n<meta property=\"og:description\" content=\"Vyr\u00e1b\u00edme a instalujeme kamenn\u00e1 schodi\u0161t\u011b V\u00e1m na m\u00edru. Kamenn\u00e9 schody jsou modern\u00ed a hlavn\u011b trval\u00e9 a vn\u011bj\u0161\u00ed schodi\u0161t\u011b se tak stane ozdobou domu.\" \/>\n<meta property=\"og:url\" content=\"https:\/\/www.smip.cz\/de\/fur-stufen-verwendetes-material\/geharteter-stein\/\" \/>\n<meta property=\"og:site_name\" content=\"SMIP s.r.o. - Herstellung von Treppen, Treppen und Gel\u00e4ndern\" \/>\n<meta property=\"article:modified_time\" content=\"2019-07-04T10:13:23+00:00\" \/>\n<meta name=\"twitter:card\" content=\"summary_large_image\" \/>\n<script type=\"application\/ld+json\" class=\"yoast-schema-graph\">{\"@context\":\"https:\/\/schema.org\",\"@graph\":[{\"@type\":\"WebPage\",\"@id\":\"https:\/\/www.smip.cz\/de\/fur-stufen-verwendetes-material\/geharteter-stein\/\",\"url\":\"https:\/\/www.smip.cz\/de\/fur-stufen-verwendetes-material\/geharteter-stein\/\",\"name\":\"Geh\u00e4rteter Stein - SMIP s.r.o.\",\"isPartOf\":{\"@id\":\"https:\/\/www.smip.cz\/de\/#website\"},\"datePublished\":\"2019-03-28T11:11:58+00:00\",\"dateModified\":\"2019-07-04T10:13:23+00:00\",\"description\":\"Vyr\u00e1b\u00edme a instalujeme kamenn\u00e1 schodi\u0161t\u011b V\u00e1m na m\u00edru. Kamenn\u00e9 schody jsou modern\u00ed a hlavn\u011b trval\u00e9 a vn\u011bj\u0161\u00ed schodi\u0161t\u011b se tak stane ozdobou domu.\",\"breadcrumb\":{\"@id\":\"https:\/\/www.smip.cz\/de\/fur-stufen-verwendetes-material\/geharteter-stein\/#breadcrumb\"},\"inLanguage\":\"de\",\"potentialAction\":[{\"@type\":\"ReadAction\",\"target\":[\"https:\/\/www.smip.cz\/de\/fur-stufen-verwendetes-material\/geharteter-stein\/\"]}]},{\"@type\":\"BreadcrumbList\",\"@id\":\"https:\/\/www.smip.cz\/de\/fur-stufen-verwendetes-material\/geharteter-stein\/#breadcrumb\",\"itemListElement\":[{\"@type\":\"ListItem\",\"position\":1,\"name\":\"F\u00fcr Stufen verwendetes Material\",\"item\":\"https:\/\/www.smip.cz\/de\/fur-stufen-verwendetes-material\/\"},{\"@type\":\"ListItem\",\"position\":2,\"name\":\"Geh\u00e4rteter Stein\"}]},{\"@type\":\"WebSite\",\"@id\":\"https:\/\/www.smip.cz\/de\/#website\",\"url\":\"https:\/\/www.smip.cz\/de\/\",\"name\":\"SMIP s.r.o. - Herstellung von Treppen, Treppen und Gel\u00e4ndern\",\"description\":\"Immer eine Etage h\u00f6her\",\"potentialAction\":[{\"@type\":\"SearchAction\",\"target\":{\"@type\":\"EntryPoint\",\"urlTemplate\":\"https:\/\/www.smip.cz\/de\/?s={search_term_string}\"},\"query-input\":{\"@type\":\"PropertyValueSpecification\",\"valueRequired\":true,\"valueName\":\"search_term_string\"}}],\"inLanguage\":\"de\"}]}<\/script>\n<!-- \/ Yoast SEO plugin. -->","yoast_head_json":{"title":"Geh\u00e4rteter Stein - SMIP s.r.o.","description":"Vyr\u00e1b\u00edme a instalujeme kamenn\u00e1 schodi\u0161t\u011b V\u00e1m na m\u00edru. Kamenn\u00e9 schody jsou modern\u00ed a hlavn\u011b trval\u00e9 a vn\u011bj\u0161\u00ed schodi\u0161t\u011b se tak stane ozdobou domu.","robots":{"index":"index","follow":"follow","max-snippet":"max-snippet:-1","max-image-preview":"max-image-preview:large","max-video-preview":"max-video-preview:-1"},"canonical":"https:\/\/www.smip.cz\/de\/fur-stufen-verwendetes-material\/geharteter-stein\/","og_locale":"de_DE","og_type":"article","og_title":"Geh\u00e4rteter Stein - SMIP s.r.o.","og_description":"Vyr\u00e1b\u00edme a instalujeme kamenn\u00e1 schodi\u0161t\u011b V\u00e1m na m\u00edru. Kamenn\u00e9 schody jsou modern\u00ed a hlavn\u011b trval\u00e9 a vn\u011bj\u0161\u00ed schodi\u0161t\u011b se tak stane ozdobou domu.","og_url":"https:\/\/www.smip.cz\/de\/fur-stufen-verwendetes-material\/geharteter-stein\/","og_site_name":"SMIP s.r.o. - Herstellung von Treppen, Treppen und Gel\u00e4ndern","article_modified_time":"2019-07-04T10:13:23+00:00","twitter_card":"summary_large_image","schema":{"@context":"https:\/\/schema.org","@graph":[{"@type":"WebPage","@id":"https:\/\/www.smip.cz\/de\/fur-stufen-verwendetes-material\/geharteter-stein\/","url":"https:\/\/www.smip.cz\/de\/fur-stufen-verwendetes-material\/geharteter-stein\/","name":"Geh\u00e4rteter Stein - SMIP s.r.o.","isPartOf":{"@id":"https:\/\/www.smip.cz\/de\/#website"},"datePublished":"2019-03-28T11:11:58+00:00","dateModified":"2019-07-04T10:13:23+00:00","description":"Vyr\u00e1b\u00edme a instalujeme kamenn\u00e1 schodi\u0161t\u011b V\u00e1m na m\u00edru. Kamenn\u00e9 schody jsou modern\u00ed a hlavn\u011b trval\u00e9 a vn\u011bj\u0161\u00ed schodi\u0161t\u011b se tak stane ozdobou domu.","breadcrumb":{"@id":"https:\/\/www.smip.cz\/de\/fur-stufen-verwendetes-material\/geharteter-stein\/#breadcrumb"},"inLanguage":"de","potentialAction":[{"@type":"ReadAction","target":["https:\/\/www.smip.cz\/de\/fur-stufen-verwendetes-material\/geharteter-stein\/"]}]},{"@type":"BreadcrumbList","@id":"https:\/\/www.smip.cz\/de\/fur-stufen-verwendetes-material\/geharteter-stein\/#breadcrumb","itemListElement":[{"@type":"ListItem","position":1,"name":"F\u00fcr Stufen verwendetes Material","item":"https:\/\/www.smip.cz\/de\/fur-stufen-verwendetes-material\/"},{"@type":"ListItem","position":2,"name":"Geh\u00e4rteter Stein"}]},{"@type":"WebSite","@id":"https:\/\/www.smip.cz\/de\/#website","url":"https:\/\/www.smip.cz\/de\/","name":"SMIP s.r.o. - Herstellung von Treppen, Treppen und Gel\u00e4ndern","description":"Immer eine Etage h\u00f6her","potentialAction":[{"@type":"SearchAction","target":{"@type":"EntryPoint","urlTemplate":"https:\/\/www.smip.cz\/de\/?s={search_term_string}"},"query-input":{"@type":"PropertyValueSpecification","valueRequired":true,"valueName":"search_term_string"}}],"inLanguage":"de"}]}},"_links":{"self":[{"href":"https:\/\/www.smip.cz\/de\/wp-json\/wp\/v2\/pages\/1022","targetHints":{"allow":["GET"]}}],"collection":[{"href":"https:\/\/www.smip.cz\/de\/wp-json\/wp\/v2\/pages"}],"about":[{"href":"https:\/\/www.smip.cz\/de\/wp-json\/wp\/v2\/types\/page"}],"author":[{"embeddable":true,"href":"https:\/\/www.smip.cz\/de\/wp-json\/wp\/v2\/users\/2"}],"replies":[{"embeddable":true,"href":"https:\/\/www.smip.cz\/de\/wp-json\/wp\/v2\/comments?post=1022"}],"version-history":[{"count":3,"href":"https:\/\/www.smip.cz\/de\/wp-json\/wp\/v2\/pages\/1022\/revisions"}],"predecessor-version":[{"id":1025,"href":"https:\/\/www.smip.cz\/de\/wp-json\/wp\/v2\/pages\/1022\/revisions\/1025"}],"up":[{"embeddable":true,"href":"https:\/\/www.smip.cz\/de\/wp-json\/wp\/v2\/pages\/1013"}],"wp:attachment":[{"href":"https:\/\/www.smip.cz\/de\/wp-json\/wp\/v2\/media?parent=1022"}],"curies":[{"name":"wp","href":"https:\/\/api.w.org\/{rel}","templated":true}]}}