{"id":1083,"date":"2017-08-14T07:46:15","date_gmt":"2017-08-14T05:46:15","guid":{"rendered":"https:\/\/www.smip.cz\/zabradli-a-madla\/"},"modified":"2019-12-24T12:26:24","modified_gmt":"2019-12-24T11:26:24","slug":"gelaender-und-handlaeufe","status":"publish","type":"page","link":"https:\/\/www.smip.cz\/de\/gelaender-und-handlaeufe\/","title":{"rendered":"Gel\u00e4nder und Handl\u00e4ufe"},"content":{"rendered":"","protected":false},"excerpt":{"rendered":"","protected":false},"author":1,"featured_media":0,"parent":0,"menu_order":3,"comment_status":"closed","ping_status":"closed","template":"templates\/interierova-schodiste.php","meta":{"_acf_changed":false,"footnotes":""},"class_list":["post-1083","page","type-page","status-publish","hentry"],"acf":[],"yoast_head":"<!-- This site is optimized with the Yoast SEO plugin v25.1 - https:\/\/yoast.com\/wordpress\/plugins\/seo\/ -->\n<title>Treppengel\u00e4nder und Handl\u00e4ufe SMIP s.r.o. - Ma\u00dfgeschneiderte Produktion<\/title>\n<meta name=\"description\" content=\"Wir sind Hersteller von Treppengel\u00e4ndern und Handl\u00e4ufen in verschiedenen Varianten und Materialarten. Wir liefern an Treppen, Balkone, Terrassen oder Fenster.\" \/>\n<meta name=\"robots\" content=\"index, follow, max-snippet:-1, max-image-preview:large, max-video-preview:-1\" \/>\n<link rel=\"canonical\" href=\"https:\/\/www.smip.cz\/de\/gelaender-und-handlaeufe\/\" \/>\n<meta property=\"og:locale\" content=\"de_DE\" \/>\n<meta property=\"og:type\" content=\"article\" \/>\n<meta property=\"og:title\" content=\"Treppengel\u00e4nder und Handl\u00e4ufe SMIP s.r.o. - Ma\u00dfgeschneiderte Produktion\" \/>\n<meta property=\"og:description\" content=\"Wir sind Hersteller von Treppengel\u00e4ndern und Handl\u00e4ufen in verschiedenen Varianten und Materialarten. Wir liefern an Treppen, Balkone, Terrassen oder Fenster.\" \/>\n<meta property=\"og:url\" content=\"https:\/\/www.smip.cz\/de\/gelaender-und-handlaeufe\/\" \/>\n<meta property=\"og:site_name\" content=\"SMIP s.r.o. - Herstellung von Treppen, Treppen und Gel\u00e4ndern\" \/>\n<meta property=\"article:modified_time\" content=\"2019-12-24T11:26:24+00:00\" \/>\n<meta name=\"twitter:card\" content=\"summary_large_image\" \/>\n<script type=\"application\/ld+json\" class=\"yoast-schema-graph\">{\"@context\":\"https:\/\/schema.org\",\"@graph\":[{\"@type\":\"WebPage\",\"@id\":\"https:\/\/www.smip.cz\/de\/gelaender-und-handlaeufe\/\",\"url\":\"https:\/\/www.smip.cz\/de\/gelaender-und-handlaeufe\/\",\"name\":\"Treppengel\u00e4nder und Handl\u00e4ufe SMIP s.r.o. - Ma\u00dfgeschneiderte Produktion\",\"isPartOf\":{\"@id\":\"https:\/\/www.smip.cz\/de\/#website\"},\"datePublished\":\"2017-08-14T05:46:15+00:00\",\"dateModified\":\"2019-12-24T11:26:24+00:00\",\"description\":\"Wir sind Hersteller von Treppengel\u00e4ndern und Handl\u00e4ufen in verschiedenen Varianten und Materialarten. Wir liefern an Treppen, Balkone, Terrassen oder Fenster.\",\"inLanguage\":\"de\",\"potentialAction\":[{\"@type\":\"ReadAction\",\"target\":[\"https:\/\/www.smip.cz\/de\/gelaender-und-handlaeufe\/\"]}]},{\"@type\":\"WebSite\",\"@id\":\"https:\/\/www.smip.cz\/de\/#website\",\"url\":\"https:\/\/www.smip.cz\/de\/\",\"name\":\"SMIP s.r.o. - Herstellung von Treppen, Treppen und Gel\u00e4ndern\",\"description\":\"Immer eine Etage h\u00f6her\",\"potentialAction\":[{\"@type\":\"SearchAction\",\"target\":{\"@type\":\"EntryPoint\",\"urlTemplate\":\"https:\/\/www.smip.cz\/de\/?s={search_term_string}\"},\"query-input\":{\"@type\":\"PropertyValueSpecification\",\"valueRequired\":true,\"valueName\":\"search_term_string\"}}],\"inLanguage\":\"de\"}]}<\/script>\n<!-- \/ Yoast SEO plugin. -->","yoast_head_json":{"title":"Treppengel\u00e4nder und Handl\u00e4ufe SMIP s.r.o. - Ma\u00dfgeschneiderte Produktion","description":"Wir sind Hersteller von Treppengel\u00e4ndern und Handl\u00e4ufen in verschiedenen Varianten und Materialarten. Wir liefern an Treppen, Balkone, Terrassen oder Fenster.","robots":{"index":"index","follow":"follow","max-snippet":"max-snippet:-1","max-image-preview":"max-image-preview:large","max-video-preview":"max-video-preview:-1"},"canonical":"https:\/\/www.smip.cz\/de\/gelaender-und-handlaeufe\/","og_locale":"de_DE","og_type":"article","og_title":"Treppengel\u00e4nder und Handl\u00e4ufe SMIP s.r.o. - Ma\u00dfgeschneiderte Produktion","og_description":"Wir sind Hersteller von Treppengel\u00e4ndern und Handl\u00e4ufen in verschiedenen Varianten und Materialarten. Wir liefern an Treppen, Balkone, Terrassen oder Fenster.","og_url":"https:\/\/www.smip.cz\/de\/gelaender-und-handlaeufe\/","og_site_name":"SMIP s.r.o. - Herstellung von Treppen, Treppen und Gel\u00e4ndern","article_modified_time":"2019-12-24T11:26:24+00:00","twitter_card":"summary_large_image","schema":{"@context":"https:\/\/schema.org","@graph":[{"@type":"WebPage","@id":"https:\/\/www.smip.cz\/de\/gelaender-und-handlaeufe\/","url":"https:\/\/www.smip.cz\/de\/gelaender-und-handlaeufe\/","name":"Treppengel\u00e4nder und Handl\u00e4ufe SMIP s.r.o. - Ma\u00dfgeschneiderte Produktion","isPartOf":{"@id":"https:\/\/www.smip.cz\/de\/#website"},"datePublished":"2017-08-14T05:46:15+00:00","dateModified":"2019-12-24T11:26:24+00:00","description":"Wir sind Hersteller von Treppengel\u00e4ndern und Handl\u00e4ufen in verschiedenen Varianten und Materialarten. Wir liefern an Treppen, Balkone, Terrassen oder Fenster.","inLanguage":"de","potentialAction":[{"@type":"ReadAction","target":["https:\/\/www.smip.cz\/de\/gelaender-und-handlaeufe\/"]}]},{"@type":"WebSite","@id":"https:\/\/www.smip.cz\/de\/#website","url":"https:\/\/www.smip.cz\/de\/","name":"SMIP s.r.o. - Herstellung von Treppen, Treppen und Gel\u00e4ndern","description":"Immer eine Etage h\u00f6her","potentialAction":[{"@type":"SearchAction","target":{"@type":"EntryPoint","urlTemplate":"https:\/\/www.smip.cz\/de\/?s={search_term_string}"},"query-input":{"@type":"PropertyValueSpecification","valueRequired":true,"valueName":"search_term_string"}}],"inLanguage":"de"}]}},"_links":{"self":[{"href":"https:\/\/www.smip.cz\/de\/wp-json\/wp\/v2\/pages\/1083","targetHints":{"allow":["GET"]}}],"collection":[{"href":"https:\/\/www.smip.cz\/de\/wp-json\/wp\/v2\/pages"}],"about":[{"href":"https:\/\/www.smip.cz\/de\/wp-json\/wp\/v2\/types\/page"}],"author":[{"embeddable":true,"href":"https:\/\/www.smip.cz\/de\/wp-json\/wp\/v2\/users\/1"}],"replies":[{"embeddable":true,"href":"https:\/\/www.smip.cz\/de\/wp-json\/wp\/v2\/comments?post=1083"}],"version-history":[{"count":3,"href":"https:\/\/www.smip.cz\/de\/wp-json\/wp\/v2\/pages\/1083\/revisions"}],"predecessor-version":[{"id":1316,"href":"https:\/\/www.smip.cz\/de\/wp-json\/wp\/v2\/pages\/1083\/revisions\/1316"}],"wp:attachment":[{"href":"https:\/\/www.smip.cz\/de\/wp-json\/wp\/v2\/media?parent=1083"}],"curies":[{"name":"wp","href":"https:\/\/api.w.org\/{rel}","templated":true}]}}