{"id":938,"date":"2017-08-10T08:20:53","date_gmt":"2017-08-10T06:20:53","guid":{"rendered":"https:\/\/www.smip.cz\/home\/"},"modified":"2019-12-24T12:21:49","modified_gmt":"2019-12-24T11:21:49","slug":"home","status":"publish","type":"page","link":"https:\/\/www.smip.cz\/de\/","title":{"rendered":"Home"},"content":{"rendered":"","protected":false},"excerpt":{"rendered":"","protected":false},"author":1,"featured_media":0,"parent":0,"menu_order":-1,"comment_status":"closed","ping_status":"closed","template":"","meta":{"_acf_changed":false,"footnotes":""},"class_list":["post-938","page","type-page","status-publish","hentry"],"acf":[],"yoast_head":"<!-- This site is optimized with the Yoast SEO plugin v25.1 - https:\/\/yoast.com\/wordpress\/plugins\/seo\/ -->\n<title>Herstellung von Treppen und Gel\u00e4ndern SMIP - immer eine Etage h\u00f6her<\/title>\n<meta name=\"description\" content=\"Seit 1991 fertigen wir Treppen, Treppen und Gel\u00e4nder in unterschiedlichsten Ausf\u00fchrungen und in h\u00f6chster Qualit\u00e4t. \u00dcber 10.000 Projekte in ganz Europa.\" \/>\n<meta name=\"robots\" content=\"index, follow, max-snippet:-1, max-image-preview:large, max-video-preview:-1\" \/>\n<link rel=\"canonical\" href=\"https:\/\/www.smip.cz\/de\/\" \/>\n<meta property=\"og:locale\" content=\"de_DE\" \/>\n<meta property=\"og:type\" content=\"article\" \/>\n<meta property=\"og:title\" content=\"Herstellung von Treppen und Gel\u00e4ndern SMIP - immer eine Etage h\u00f6her\" \/>\n<meta property=\"og:description\" content=\"Seit 1991 fertigen wir Treppen, Treppen und Gel\u00e4nder in unterschiedlichsten Ausf\u00fchrungen und in h\u00f6chster Qualit\u00e4t. \u00dcber 10.000 Projekte in ganz Europa.\" \/>\n<meta property=\"og:url\" content=\"https:\/\/www.smip.cz\/de\/\" \/>\n<meta property=\"og:site_name\" content=\"SMIP s.r.o. - Herstellung von Treppen, Treppen und Gel\u00e4ndern\" \/>\n<meta property=\"article:modified_time\" content=\"2019-12-24T11:21:49+00:00\" \/>\n<meta name=\"twitter:card\" content=\"summary_large_image\" \/>\n<script type=\"application\/ld+json\" class=\"yoast-schema-graph\">{\"@context\":\"https:\/\/schema.org\",\"@graph\":[{\"@type\":\"WebPage\",\"@id\":\"https:\/\/www.smip.cz\/de\/\",\"url\":\"https:\/\/www.smip.cz\/de\/\",\"name\":\"Herstellung von Treppen und Gel\u00e4ndern SMIP - immer eine Etage h\u00f6her\",\"isPartOf\":{\"@id\":\"https:\/\/www.smip.cz\/de\/#website\"},\"datePublished\":\"2017-08-10T06:20:53+00:00\",\"dateModified\":\"2019-12-24T11:21:49+00:00\",\"description\":\"Seit 1991 fertigen wir Treppen, Treppen und Gel\u00e4nder in unterschiedlichsten Ausf\u00fchrungen und in h\u00f6chster Qualit\u00e4t. \u00dcber 10.000 Projekte in ganz Europa.\",\"inLanguage\":\"de\",\"potentialAction\":[{\"@type\":\"ReadAction\",\"target\":[\"https:\/\/www.smip.cz\/de\/\"]}]},{\"@type\":\"WebSite\",\"@id\":\"https:\/\/www.smip.cz\/de\/#website\",\"url\":\"https:\/\/www.smip.cz\/de\/\",\"name\":\"SMIP s.r.o. - Herstellung von Treppen, Treppen und Gel\u00e4ndern\",\"description\":\"Immer eine Etage h\u00f6her\",\"potentialAction\":[{\"@type\":\"SearchAction\",\"target\":{\"@type\":\"EntryPoint\",\"urlTemplate\":\"https:\/\/www.smip.cz\/de\/?s={search_term_string}\"},\"query-input\":{\"@type\":\"PropertyValueSpecification\",\"valueRequired\":true,\"valueName\":\"search_term_string\"}}],\"inLanguage\":\"de\"}]}<\/script>\n<!-- \/ Yoast SEO plugin. -->","yoast_head_json":{"title":"Herstellung von Treppen und Gel\u00e4ndern SMIP - immer eine Etage h\u00f6her","description":"Seit 1991 fertigen wir Treppen, Treppen und Gel\u00e4nder in unterschiedlichsten Ausf\u00fchrungen und in h\u00f6chster Qualit\u00e4t. \u00dcber 10.000 Projekte in ganz Europa.","robots":{"index":"index","follow":"follow","max-snippet":"max-snippet:-1","max-image-preview":"max-image-preview:large","max-video-preview":"max-video-preview:-1"},"canonical":"https:\/\/www.smip.cz\/de\/","og_locale":"de_DE","og_type":"article","og_title":"Herstellung von Treppen und Gel\u00e4ndern SMIP - immer eine Etage h\u00f6her","og_description":"Seit 1991 fertigen wir Treppen, Treppen und Gel\u00e4nder in unterschiedlichsten Ausf\u00fchrungen und in h\u00f6chster Qualit\u00e4t. \u00dcber 10.000 Projekte in ganz Europa.","og_url":"https:\/\/www.smip.cz\/de\/","og_site_name":"SMIP s.r.o. - Herstellung von Treppen, Treppen und Gel\u00e4ndern","article_modified_time":"2019-12-24T11:21:49+00:00","twitter_card":"summary_large_image","schema":{"@context":"https:\/\/schema.org","@graph":[{"@type":"WebPage","@id":"https:\/\/www.smip.cz\/de\/","url":"https:\/\/www.smip.cz\/de\/","name":"Herstellung von Treppen und Gel\u00e4ndern SMIP - immer eine Etage h\u00f6her","isPartOf":{"@id":"https:\/\/www.smip.cz\/de\/#website"},"datePublished":"2017-08-10T06:20:53+00:00","dateModified":"2019-12-24T11:21:49+00:00","description":"Seit 1991 fertigen wir Treppen, Treppen und Gel\u00e4nder in unterschiedlichsten Ausf\u00fchrungen und in h\u00f6chster Qualit\u00e4t. \u00dcber 10.000 Projekte in ganz Europa.","inLanguage":"de","potentialAction":[{"@type":"ReadAction","target":["https:\/\/www.smip.cz\/de\/"]}]},{"@type":"WebSite","@id":"https:\/\/www.smip.cz\/de\/#website","url":"https:\/\/www.smip.cz\/de\/","name":"SMIP s.r.o. - Herstellung von Treppen, Treppen und Gel\u00e4ndern","description":"Immer eine Etage h\u00f6her","potentialAction":[{"@type":"SearchAction","target":{"@type":"EntryPoint","urlTemplate":"https:\/\/www.smip.cz\/de\/?s={search_term_string}"},"query-input":{"@type":"PropertyValueSpecification","valueRequired":true,"valueName":"search_term_string"}}],"inLanguage":"de"}]}},"_links":{"self":[{"href":"https:\/\/www.smip.cz\/de\/wp-json\/wp\/v2\/pages\/938","targetHints":{"allow":["GET"]}}],"collection":[{"href":"https:\/\/www.smip.cz\/de\/wp-json\/wp\/v2\/pages"}],"about":[{"href":"https:\/\/www.smip.cz\/de\/wp-json\/wp\/v2\/types\/page"}],"author":[{"embeddable":true,"href":"https:\/\/www.smip.cz\/de\/wp-json\/wp\/v2\/users\/1"}],"replies":[{"embeddable":true,"href":"https:\/\/www.smip.cz\/de\/wp-json\/wp\/v2\/comments?post=938"}],"version-history":[{"count":3,"href":"https:\/\/www.smip.cz\/de\/wp-json\/wp\/v2\/pages\/938\/revisions"}],"predecessor-version":[{"id":1304,"href":"https:\/\/www.smip.cz\/de\/wp-json\/wp\/v2\/pages\/938\/revisions\/1304"}],"wp:attachment":[{"href":"https:\/\/www.smip.cz\/de\/wp-json\/wp\/v2\/media?parent=938"}],"curies":[{"name":"wp","href":"https:\/\/api.w.org\/{rel}","templated":true}]}}