{"id":949,"date":"2017-08-14T07:46:02","date_gmt":"2017-08-14T05:46:02","guid":{"rendered":"https:\/\/www.smip.cz\/venkovni-schodiste-a-pristresky\/"},"modified":"2019-12-24T12:24:51","modified_gmt":"2019-12-24T11:24:51","slug":"aussentreppen-und-vordachsysteme","status":"publish","type":"page","link":"https:\/\/www.smip.cz\/de\/aussentreppen-und-vordachsysteme\/","title":{"rendered":"Aussentreppen und Vordachsysteme"},"content":{"rendered":"<p>Eine Au\u00dfentreppe ist ein zentraler Bestandteil jedes Geb\u00e4udes &#8211; eine Treppe f\u00fcr den Haupteingang des Geb\u00e4udes, die Aufteilung der Familienh\u00e4user, den Eingang zum Garten, zur Terrasse oder als Fluchtweg. Funktionalit\u00e4t, Sicherheit, Langlebigkeit und nat\u00fcrlich Design sind wichtig. Bei Au\u00dfentreppen h\u00e4ngt die Materialauswahl von erh\u00f6hter Belastung, klimatischen Bedingungen und Sicherheit (rutschfeste Oberfl\u00e4che) ab. Tragwerke von Seitentreppen und VARIANT-Treppen werden als Basis f\u00fcr Au\u00dfentreppen verwendet. Vordachsysteme im Freien sch\u00fctzen den Eingang des Hauses vor Regen und Schmutz &#8211; wir bieten Vordachsysteme aus Glas und Edelstahl an.<\/p>\n","protected":false},"excerpt":{"rendered":"<p>Eine Au\u00dfentreppe ist ein zentraler Bestandteil jedes Geb\u00e4udes &#8211; eine Treppe f\u00fcr den Haupteingang des Geb\u00e4udes, die Aufteilung der Familienh\u00e4user, den Eingang zum Garten, zur Terrasse oder als Fluchtweg. Funktionalit\u00e4t, Sicherheit, Langlebigkeit und nat\u00fcrlich Design sind wichtig. Bei Au\u00dfentreppen h\u00e4ngt &hellip; <a href=\"https:\/\/www.smip.cz\/de\/aussentreppen-und-vordachsysteme\/\">Weiterlesen<\/a><\/p>\n","protected":false},"author":1,"featured_media":0,"parent":0,"menu_order":2,"comment_status":"closed","ping_status":"closed","template":"templates\/interierova-schodiste.php","meta":{"_acf_changed":false,"footnotes":""},"class_list":["post-949","page","type-page","status-publish","hentry"],"acf":[],"yoast_head":"<!-- This site is optimized with the Yoast SEO plugin v25.1 - https:\/\/yoast.com\/wordpress\/plugins\/seo\/ -->\n<title>Au\u00dfentreppen und Unterst\u00e4nde | SMIP s.r.o. - Ma\u00dfgeschneiderte Produktion<\/title>\n<meta name=\"description\" content=\"Wir produzieren und bauen Au\u00dfentreppen verschiedener Arten und Gr\u00f6\u00dfen. Gleichzeitig f\u00fcgen wir Schutzr\u00e4ume aus Glas oder anderem Material hinzu.\" \/>\n<meta name=\"robots\" content=\"index, follow, max-snippet:-1, max-image-preview:large, max-video-preview:-1\" \/>\n<link rel=\"canonical\" href=\"https:\/\/www.smip.cz\/de\/aussentreppen-und-vordachsysteme\/\" \/>\n<meta property=\"og:locale\" content=\"de_DE\" \/>\n<meta property=\"og:type\" content=\"article\" \/>\n<meta property=\"og:title\" content=\"Au\u00dfentreppen und Unterst\u00e4nde | SMIP s.r.o. - Ma\u00dfgeschneiderte Produktion\" \/>\n<meta property=\"og:description\" content=\"Wir produzieren und bauen Au\u00dfentreppen verschiedener Arten und Gr\u00f6\u00dfen. Gleichzeitig f\u00fcgen wir Schutzr\u00e4ume aus Glas oder anderem Material hinzu.\" \/>\n<meta property=\"og:url\" content=\"https:\/\/www.smip.cz\/de\/aussentreppen-und-vordachsysteme\/\" \/>\n<meta property=\"og:site_name\" content=\"SMIP s.r.o. - Herstellung von Treppen, Treppen und Gel\u00e4ndern\" \/>\n<meta property=\"article:modified_time\" content=\"2019-12-24T11:24:51+00:00\" \/>\n<meta name=\"twitter:card\" content=\"summary_large_image\" \/>\n<script type=\"application\/ld+json\" class=\"yoast-schema-graph\">{\"@context\":\"https:\/\/schema.org\",\"@graph\":[{\"@type\":\"WebPage\",\"@id\":\"https:\/\/www.smip.cz\/de\/aussentreppen-und-vordachsysteme\/\",\"url\":\"https:\/\/www.smip.cz\/de\/aussentreppen-und-vordachsysteme\/\",\"name\":\"Au\u00dfentreppen und Unterst\u00e4nde | SMIP s.r.o. - Ma\u00dfgeschneiderte Produktion\",\"isPartOf\":{\"@id\":\"https:\/\/www.smip.cz\/de\/#website\"},\"datePublished\":\"2017-08-14T05:46:02+00:00\",\"dateModified\":\"2019-12-24T11:24:51+00:00\",\"description\":\"Wir produzieren und bauen Au\u00dfentreppen verschiedener Arten und Gr\u00f6\u00dfen. Gleichzeitig f\u00fcgen wir Schutzr\u00e4ume aus Glas oder anderem Material hinzu.\",\"inLanguage\":\"de\",\"potentialAction\":[{\"@type\":\"ReadAction\",\"target\":[\"https:\/\/www.smip.cz\/de\/aussentreppen-und-vordachsysteme\/\"]}]},{\"@type\":\"WebSite\",\"@id\":\"https:\/\/www.smip.cz\/de\/#website\",\"url\":\"https:\/\/www.smip.cz\/de\/\",\"name\":\"SMIP s.r.o. - Herstellung von Treppen, Treppen und Gel\u00e4ndern\",\"description\":\"Immer eine Etage h\u00f6her\",\"potentialAction\":[{\"@type\":\"SearchAction\",\"target\":{\"@type\":\"EntryPoint\",\"urlTemplate\":\"https:\/\/www.smip.cz\/de\/?s={search_term_string}\"},\"query-input\":{\"@type\":\"PropertyValueSpecification\",\"valueRequired\":true,\"valueName\":\"search_term_string\"}}],\"inLanguage\":\"de\"}]}<\/script>\n<!-- \/ Yoast SEO plugin. -->","yoast_head_json":{"title":"Au\u00dfentreppen und Unterst\u00e4nde | SMIP s.r.o. - Ma\u00dfgeschneiderte Produktion","description":"Wir produzieren und bauen Au\u00dfentreppen verschiedener Arten und Gr\u00f6\u00dfen. Gleichzeitig f\u00fcgen wir Schutzr\u00e4ume aus Glas oder anderem Material hinzu.","robots":{"index":"index","follow":"follow","max-snippet":"max-snippet:-1","max-image-preview":"max-image-preview:large","max-video-preview":"max-video-preview:-1"},"canonical":"https:\/\/www.smip.cz\/de\/aussentreppen-und-vordachsysteme\/","og_locale":"de_DE","og_type":"article","og_title":"Au\u00dfentreppen und Unterst\u00e4nde | SMIP s.r.o. - Ma\u00dfgeschneiderte Produktion","og_description":"Wir produzieren und bauen Au\u00dfentreppen verschiedener Arten und Gr\u00f6\u00dfen. Gleichzeitig f\u00fcgen wir Schutzr\u00e4ume aus Glas oder anderem Material hinzu.","og_url":"https:\/\/www.smip.cz\/de\/aussentreppen-und-vordachsysteme\/","og_site_name":"SMIP s.r.o. - Herstellung von Treppen, Treppen und Gel\u00e4ndern","article_modified_time":"2019-12-24T11:24:51+00:00","twitter_card":"summary_large_image","schema":{"@context":"https:\/\/schema.org","@graph":[{"@type":"WebPage","@id":"https:\/\/www.smip.cz\/de\/aussentreppen-und-vordachsysteme\/","url":"https:\/\/www.smip.cz\/de\/aussentreppen-und-vordachsysteme\/","name":"Au\u00dfentreppen und Unterst\u00e4nde | SMIP s.r.o. - Ma\u00dfgeschneiderte Produktion","isPartOf":{"@id":"https:\/\/www.smip.cz\/de\/#website"},"datePublished":"2017-08-14T05:46:02+00:00","dateModified":"2019-12-24T11:24:51+00:00","description":"Wir produzieren und bauen Au\u00dfentreppen verschiedener Arten und Gr\u00f6\u00dfen. Gleichzeitig f\u00fcgen wir Schutzr\u00e4ume aus Glas oder anderem Material hinzu.","inLanguage":"de","potentialAction":[{"@type":"ReadAction","target":["https:\/\/www.smip.cz\/de\/aussentreppen-und-vordachsysteme\/"]}]},{"@type":"WebSite","@id":"https:\/\/www.smip.cz\/de\/#website","url":"https:\/\/www.smip.cz\/de\/","name":"SMIP s.r.o. - Herstellung von Treppen, Treppen und Gel\u00e4ndern","description":"Immer eine Etage h\u00f6her","potentialAction":[{"@type":"SearchAction","target":{"@type":"EntryPoint","urlTemplate":"https:\/\/www.smip.cz\/de\/?s={search_term_string}"},"query-input":{"@type":"PropertyValueSpecification","valueRequired":true,"valueName":"search_term_string"}}],"inLanguage":"de"}]}},"_links":{"self":[{"href":"https:\/\/www.smip.cz\/de\/wp-json\/wp\/v2\/pages\/949","targetHints":{"allow":["GET"]}}],"collection":[{"href":"https:\/\/www.smip.cz\/de\/wp-json\/wp\/v2\/pages"}],"about":[{"href":"https:\/\/www.smip.cz\/de\/wp-json\/wp\/v2\/types\/page"}],"author":[{"embeddable":true,"href":"https:\/\/www.smip.cz\/de\/wp-json\/wp\/v2\/users\/1"}],"replies":[{"embeddable":true,"href":"https:\/\/www.smip.cz\/de\/wp-json\/wp\/v2\/comments?post=949"}],"version-history":[{"count":3,"href":"https:\/\/www.smip.cz\/de\/wp-json\/wp\/v2\/pages\/949\/revisions"}],"predecessor-version":[{"id":1313,"href":"https:\/\/www.smip.cz\/de\/wp-json\/wp\/v2\/pages\/949\/revisions\/1313"}],"wp:attachment":[{"href":"https:\/\/www.smip.cz\/de\/wp-json\/wp\/v2\/media?parent=949"}],"curies":[{"name":"wp","href":"https:\/\/api.w.org\/{rel}","templated":true}]}}