{"id":1337,"date":"2018-07-30T15:19:47","date_gmt":"2018-07-30T13:19:47","guid":{"rendered":"https:\/\/www.smip.cz\/materialy-stupnu\/"},"modified":"2019-07-08T10:55:03","modified_gmt":"2019-07-08T08:55:03","slug":"materials-treads","status":"publish","type":"page","link":"https:\/\/www.smip.cz\/en\/materials-treads\/","title":{"rendered":"Materials-treads"},"content":{"rendered":"<h2>TVRZEN\u00dd K\u00c1MEN<\/h2>\n<p>TECHNISTONE &#8211; tvrzen\u00fd k\u00e1men je materi\u00e1l, kter\u00fd je vyroben z 93% z p\u0159\u00edrodn\u00edch surovin \u2013 p\u0159edev\u0161\u00edm k\u0159emene a \u017euly a 7% technologick\u00fdch vylep\u0161en\u00ed. Ty tvo\u0159\u00ed prysky\u0159ice (kter\u00e1 dr\u017e\u00ed jednotliv\u00e9 slo\u017eky pohromad\u011b a dod\u00e1v\u00e1 tvrzen\u00e9mu kameni pot\u0159ebnou pevnost) a barevn\u00e9 pigmenty (kter\u00e9 zaru\u010duj\u00ed vysokou estetickou \u00farove\u0148 a p\u0159edev\u0161\u00edm barevnou st\u00e1lost). Tento v\u00fdrobek m\u00e1 prakticky stejn\u00e9 a v n\u011bkter\u00fdch pohledech i v\u00fdrazn\u011b lep\u0161\u00ed vlastnosti ne\u017e p\u0159\u00edrodn\u00ed k\u00e1men.<\/p>\n<p><img loading=\"lazy\" decoding=\"async\" class=\"alignnone size-medium wp-image-740\" src=\"https:\/\/www.smip.cz\/wp-content\/uploads\/2018\/09\/Noble_Perlato_Luna-300x200.jpg\" alt=\"\" width=\"300\" height=\"200\" srcset=\"https:\/\/www.smip.cz\/wp-content\/uploads\/2018\/09\/Noble_Perlato_Luna-300x200.jpg 300w, https:\/\/www.smip.cz\/wp-content\/uploads\/2018\/09\/Noble_Perlato_Luna-768x512.jpg 768w, https:\/\/www.smip.cz\/wp-content\/uploads\/2018\/09\/Noble_Perlato_Luna-1024x683.jpg 1024w, https:\/\/www.smip.cz\/wp-content\/uploads\/2018\/09\/Noble_Perlato_Luna.jpg 1200w\" sizes=\"auto, (max-width: 300px) 100vw, 300px\" \/><\/p>\n<h2>D\u0158EVO<\/h2>\n<p>K v\u00fdrob\u011b d\u0159ev\u011bn\u00fdch stup\u0148\u016f se pou\u017e\u00edv\u00e1 n\u00e1sleduj\u00edc\u00edch d\u0159evin: Smrk, Borovice, B\u0159\u00edza, Buk, Dub, Jasan, Javor, Ol\u0161e, O\u0159ech, T\u0159e\u0161e\u0148 a Kau\u010duk (Hevea).<\/p>\n","protected":false},"excerpt":{"rendered":"<p>TVRZEN\u00dd K\u00c1MEN TECHNISTONE &#8211; tvrzen\u00fd k\u00e1men je materi\u00e1l, kter\u00fd je vyroben z 93% z p\u0159\u00edrodn\u00edch surovin \u2013 p\u0159edev\u0161\u00edm k\u0159emene a \u017euly a 7% technologick\u00fdch vylep\u0161en\u00ed. Ty tvo\u0159\u00ed prysky\u0159ice (kter\u00e1 dr\u017e\u00ed jednotliv\u00e9 slo\u017eky pohromad\u011b a dod\u00e1v\u00e1 tvrzen\u00e9mu kameni pot\u0159ebnou pevnost) a &hellip; <a href=\"https:\/\/www.smip.cz\/en\/materials-treads\/\">Continued<\/a><\/p>\n","protected":false},"author":1,"featured_media":0,"parent":0,"menu_order":0,"comment_status":"closed","ping_status":"closed","template":"templates\/prima-schodiste.php","meta":{"_acf_changed":false,"footnotes":""},"class_list":["post-1337","page","type-page","status-publish","hentry"],"acf":[],"yoast_head":"<!-- This site is optimized with the Yoast SEO plugin v25.1 - https:\/\/yoast.com\/wordpress\/plugins\/seo\/ -->\n<title>Materials-treads - SMIP s.r.o. - Production of stairs, staircases and railings<\/title>\n<meta name=\"robots\" content=\"index, follow, max-snippet:-1, max-image-preview:large, max-video-preview:-1\" \/>\n<link rel=\"canonical\" href=\"https:\/\/www.smip.cz\/en\/materials-treads\/\" \/>\n<meta property=\"og:locale\" content=\"en_US\" \/>\n<meta property=\"og:type\" content=\"article\" \/>\n<meta property=\"og:title\" content=\"Materials-treads - SMIP s.r.o. - Production of stairs, staircases and railings\" \/>\n<meta property=\"og:description\" content=\"TVRZEN\u00dd K\u00c1MEN TECHNISTONE &#8211; tvrzen\u00fd k\u00e1men je materi\u00e1l, kter\u00fd je vyroben z 93% z p\u0159\u00edrodn\u00edch surovin \u2013 p\u0159edev\u0161\u00edm k\u0159emene a \u017euly a 7% technologick\u00fdch vylep\u0161en\u00ed. Ty tvo\u0159\u00ed prysky\u0159ice (kter\u00e1 dr\u017e\u00ed jednotliv\u00e9 slo\u017eky pohromad\u011b a dod\u00e1v\u00e1 tvrzen\u00e9mu kameni pot\u0159ebnou pevnost) a &hellip; Continued\" \/>\n<meta property=\"og:url\" content=\"https:\/\/www.smip.cz\/en\/materials-treads\/\" \/>\n<meta property=\"og:site_name\" content=\"SMIP s.r.o. - Production of stairs, staircases and railings\" \/>\n<meta property=\"article:modified_time\" content=\"2019-07-08T08:55:03+00:00\" \/>\n<meta property=\"og:image\" content=\"https:\/\/www.smip.cz\/wp-content\/uploads\/2018\/09\/Noble_Perlato_Luna-300x200.jpg\" \/>\n<meta name=\"twitter:card\" content=\"summary_large_image\" \/>\n<meta name=\"twitter:label1\" content=\"Est. reading time\" \/>\n\t<meta name=\"twitter:data1\" content=\"1 minute\" \/>\n<script type=\"application\/ld+json\" class=\"yoast-schema-graph\">{\"@context\":\"https:\/\/schema.org\",\"@graph\":[{\"@type\":\"WebPage\",\"@id\":\"https:\/\/www.smip.cz\/en\/materials-treads\/\",\"url\":\"https:\/\/www.smip.cz\/en\/materials-treads\/\",\"name\":\"Materials-treads - SMIP s.r.o. - Production of stairs, staircases and railings\",\"isPartOf\":{\"@id\":\"https:\/\/www.smip.cz\/en\/#website\"},\"primaryImageOfPage\":{\"@id\":\"https:\/\/www.smip.cz\/en\/materials-treads\/#primaryimage\"},\"image\":{\"@id\":\"https:\/\/www.smip.cz\/en\/materials-treads\/#primaryimage\"},\"thumbnailUrl\":\"https:\/\/www.smip.cz\/wp-content\/uploads\/2018\/09\/Noble_Perlato_Luna-300x200.jpg\",\"datePublished\":\"2018-07-30T13:19:47+00:00\",\"dateModified\":\"2019-07-08T08:55:03+00:00\",\"inLanguage\":\"en-US\",\"potentialAction\":[{\"@type\":\"ReadAction\",\"target\":[\"https:\/\/www.smip.cz\/en\/materials-treads\/\"]}]},{\"@type\":\"ImageObject\",\"inLanguage\":\"en-US\",\"@id\":\"https:\/\/www.smip.cz\/en\/materials-treads\/#primaryimage\",\"url\":\"https:\/\/www.smip.cz\/wp-content\/uploads\/2018\/09\/Noble_Perlato_Luna-300x200.jpg\",\"contentUrl\":\"https:\/\/www.smip.cz\/wp-content\/uploads\/2018\/09\/Noble_Perlato_Luna-300x200.jpg\"},{\"@type\":\"WebSite\",\"@id\":\"https:\/\/www.smip.cz\/en\/#website\",\"url\":\"https:\/\/www.smip.cz\/en\/\",\"name\":\"SMIP s.r.o. - Production of stairs, staircases and railings\",\"description\":\"Always one floor above\",\"potentialAction\":[{\"@type\":\"SearchAction\",\"target\":{\"@type\":\"EntryPoint\",\"urlTemplate\":\"https:\/\/www.smip.cz\/en\/?s={search_term_string}\"},\"query-input\":{\"@type\":\"PropertyValueSpecification\",\"valueRequired\":true,\"valueName\":\"search_term_string\"}}],\"inLanguage\":\"en-US\"}]}<\/script>\n<!-- \/ Yoast SEO plugin. -->","yoast_head_json":{"title":"Materials-treads - SMIP s.r.o. - Production of stairs, staircases and railings","robots":{"index":"index","follow":"follow","max-snippet":"max-snippet:-1","max-image-preview":"max-image-preview:large","max-video-preview":"max-video-preview:-1"},"canonical":"https:\/\/www.smip.cz\/en\/materials-treads\/","og_locale":"en_US","og_type":"article","og_title":"Materials-treads - SMIP s.r.o. - Production of stairs, staircases and railings","og_description":"TVRZEN\u00dd K\u00c1MEN TECHNISTONE &#8211; tvrzen\u00fd k\u00e1men je materi\u00e1l, kter\u00fd je vyroben z 93% z p\u0159\u00edrodn\u00edch surovin \u2013 p\u0159edev\u0161\u00edm k\u0159emene a \u017euly a 7% technologick\u00fdch vylep\u0161en\u00ed. Ty tvo\u0159\u00ed prysky\u0159ice (kter\u00e1 dr\u017e\u00ed jednotliv\u00e9 slo\u017eky pohromad\u011b a dod\u00e1v\u00e1 tvrzen\u00e9mu kameni pot\u0159ebnou pevnost) a &hellip; Continued","og_url":"https:\/\/www.smip.cz\/en\/materials-treads\/","og_site_name":"SMIP s.r.o. - Production of stairs, staircases and railings","article_modified_time":"2019-07-08T08:55:03+00:00","og_image":[{"url":"https:\/\/www.smip.cz\/wp-content\/uploads\/2018\/09\/Noble_Perlato_Luna-300x200.jpg","type":"","width":"","height":""}],"twitter_card":"summary_large_image","twitter_misc":{"Est. reading time":"1 minute"},"schema":{"@context":"https:\/\/schema.org","@graph":[{"@type":"WebPage","@id":"https:\/\/www.smip.cz\/en\/materials-treads\/","url":"https:\/\/www.smip.cz\/en\/materials-treads\/","name":"Materials-treads - SMIP s.r.o. - Production of stairs, staircases and railings","isPartOf":{"@id":"https:\/\/www.smip.cz\/en\/#website"},"primaryImageOfPage":{"@id":"https:\/\/www.smip.cz\/en\/materials-treads\/#primaryimage"},"image":{"@id":"https:\/\/www.smip.cz\/en\/materials-treads\/#primaryimage"},"thumbnailUrl":"https:\/\/www.smip.cz\/wp-content\/uploads\/2018\/09\/Noble_Perlato_Luna-300x200.jpg","datePublished":"2018-07-30T13:19:47+00:00","dateModified":"2019-07-08T08:55:03+00:00","inLanguage":"en-US","potentialAction":[{"@type":"ReadAction","target":["https:\/\/www.smip.cz\/en\/materials-treads\/"]}]},{"@type":"ImageObject","inLanguage":"en-US","@id":"https:\/\/www.smip.cz\/en\/materials-treads\/#primaryimage","url":"https:\/\/www.smip.cz\/wp-content\/uploads\/2018\/09\/Noble_Perlato_Luna-300x200.jpg","contentUrl":"https:\/\/www.smip.cz\/wp-content\/uploads\/2018\/09\/Noble_Perlato_Luna-300x200.jpg"},{"@type":"WebSite","@id":"https:\/\/www.smip.cz\/en\/#website","url":"https:\/\/www.smip.cz\/en\/","name":"SMIP s.r.o. - Production of stairs, staircases and railings","description":"Always one floor above","potentialAction":[{"@type":"SearchAction","target":{"@type":"EntryPoint","urlTemplate":"https:\/\/www.smip.cz\/en\/?s={search_term_string}"},"query-input":{"@type":"PropertyValueSpecification","valueRequired":true,"valueName":"search_term_string"}}],"inLanguage":"en-US"}]}},"_links":{"self":[{"href":"https:\/\/www.smip.cz\/en\/wp-json\/wp\/v2\/pages\/1337","targetHints":{"allow":["GET"]}}],"collection":[{"href":"https:\/\/www.smip.cz\/en\/wp-json\/wp\/v2\/pages"}],"about":[{"href":"https:\/\/www.smip.cz\/en\/wp-json\/wp\/v2\/types\/page"}],"author":[{"embeddable":true,"href":"https:\/\/www.smip.cz\/en\/wp-json\/wp\/v2\/users\/1"}],"replies":[{"embeddable":true,"href":"https:\/\/www.smip.cz\/en\/wp-json\/wp\/v2\/comments?post=1337"}],"version-history":[{"count":2,"href":"https:\/\/www.smip.cz\/en\/wp-json\/wp\/v2\/pages\/1337\/revisions"}],"predecessor-version":[{"id":1340,"href":"https:\/\/www.smip.cz\/en\/wp-json\/wp\/v2\/pages\/1337\/revisions\/1340"}],"wp:attachment":[{"href":"https:\/\/www.smip.cz\/en\/wp-json\/wp\/v2\/media?parent=1337"}],"curies":[{"name":"wp","href":"https:\/\/api.w.org\/{rel}","templated":true}]}}