{"id":1352,"date":"2017-08-14T07:47:08","date_gmt":"2017-08-14T05:47:08","guid":{"rendered":"https:\/\/www.smip.cz\/laserove-rezani\/"},"modified":"2019-09-18T11:53:12","modified_gmt":"2019-09-18T09:53:12","slug":"laser-cutting","status":"publish","type":"page","link":"https:\/\/www.smip.cz\/en\/laser-cutting\/","title":{"rendered":"Laser cutting"},"content":{"rendered":"<p>Laserov\u00e9 \u0159ez\u00e1n\u00ed je metoda, d\u00edky kter\u00e9 je mo\u017en\u00e9 mnohem rychleji a z\u00e1rove\u0148 p\u0159esn\u011bji \u0159ezat r\u016fzn\u00e9 materi\u00e1ly jako nap\u0159. ocel, nerez pop\u0159. hlin\u00edk. Ve SMIPu m\u00e1me 3D laserov\u00e9 centrum, kter\u00e9 zvl\u00e1d\u00e1 \u0159ezat ocel do tlou\u0161\u0165ky 22 mm a pomoc\u00ed kter\u00e9ho \u0159e\u017eeme velk\u00e9 a t\u011b\u017ek\u00e9 profily do d\u00e9lky 8 metr\u016f a do v\u00e1hy a\u017e 480 kg. S klienty klademe d\u016fraz na individu\u00e1ln\u00ed p\u0159\u00edstup a nab\u00edz\u00edme individu\u00e1ln\u00ed \u0159e\u0161en\u00ed v\u010detn\u011b vytvo\u0159en\u00ed 3D modelu.<\/p>\n<h2 class=\"title\">Pr\u00e1ce s laserem ve SMIPu<\/h2>\n<ul>\n<li>Ne ka\u017ed\u00e1 schoda\u0159sk\u00e1 firma m\u00e1 lasery, kter\u00e9 m\u00e1me my. V roce 2008 jsme instalovali <strong>3D laserov\u00e9 centrum \u2013 Mazak 3D Fabri Gear 300<\/strong><\/li>\n<li>N\u00e1\u0161 laser dok\u00e1\u017ee <strong>zpracovat jak\u00e9koliv uzav\u0159en\u00e9 a otev\u0159en\u00e9 profily<\/strong> \u2013 jackly, trubky, trojhrany, ale i nepravideln\u00e9 profily. Svou 3D v\u00fdkyvnou \u0159eznou hlavou \u0159e\u017ee polotovary p\u0159esn\u011b pod po\u017eadovan\u00fdmi \u00fahly. Nav\u00edc je vybaven i syst\u00e9mem \u0159ez\u00e1n\u00ed z\u00e1vit\u016f. D\u00edky tomu je pak mnohem snadn\u011bj\u0161\u00ed, rychlej\u0161\u00ed a hlavn\u011b p\u0159esn\u011bj\u0161\u00ed mont\u00e1\u017e a sva\u0159ov\u00e1n\u00ed jednotliv\u00fdch d\u00edl\u016f.<\/li>\n<li><strong>Programov\u00e1n\u00ed trubek<\/strong>, uzav\u0159en\u00fdch a otev\u0159en\u00fdch profil\u016f prov\u00e1d\u00edme za pomoc\u00ed programu \u00a0FG CAD\/CAM.<\/li>\n<li>R\u00e1di vytvo\u0159\u00edme tak\u00e9 <strong>3D modely<\/strong> dle va\u0161ich n\u00e1vrh\u016f, p\u0159\u00edpadn\u011b pro v\u00fdrobu po\u017eadujeme zasl\u00e1n\u00ed podklad\u016f jako 3D modely ve form\u00e1tech IGS pop\u0159. STP.<\/li>\n<li>Je to k n\u00e1m t\u00e9m\u011b\u0159 odkudkoliv kousek. <strong>S\u00eddl\u00edme uprost\u0159ed na\u0161\u00ed republiky<\/strong>, hned vedle d\u00e1lnice D1.<\/li>\n<\/ul>\n<p>&nbsp;<\/p>\n<h2 class=\"title\">Technick\u00e9 informace k laseru na velk\u00e9 a t\u011b\u017ek\u00e9 profily:<\/h2>\n<ul>\n<li><strong>N\u00e1zev:<\/strong> Mazak laser 3D Fabri Gear 300<\/li>\n<li><strong>V\u00fdkon rezon\u00e1toru:<\/strong> 4000W<\/li>\n<li><strong>Pracovn\u00ed rozsah:<\/strong><br \/>\no pr\u016fm\u011bru 20\u2013270 mm<br \/>\nobd\u00e9ln\u00edkov\u00e9 profily do max. \u0161\u00ed\u0159ky a v\u00fd\u0161ky 203,2 mm<br \/>\nd\u00e9lka profilu max. 8 000 mm<\/li>\n<li><strong>Maxim\u00e1ln\u00ed hmotnost profilu: 480 kg<\/strong><\/li>\n<li><strong>Maxim\u00e1ln\u00ed s\u00edla st\u011bny profilu v milimetrech:<\/strong><br \/>\nocel \u2013 22 mm<br \/>\nnerez \u2013 10 mm<br \/>\nhlin\u00edk \u2013 8 mm<\/li>\n<li><strong>Opakuj\u00edc\u00ed se p\u0159esnost \u00b1 0,01 mm \/ 100 mm resp. \u00b1 0,01\u00b0<\/strong><\/li>\n<\/ul>\n<p>&nbsp;<\/p>\n<h2 class=\"title\">Rychlost dod\u00e1n\u00ed a styl na\u0161\u00ed pr\u00e1ce<\/h2>\n<p>Proto\u017ee nab\u00edz\u00edme individu\u00e1ln\u00ed \u0159e\u0161en\u00ed, <strong>cenu<\/strong> stanovujeme po zasl\u00e1n\u00ed podklad\u016f z\u00e1kazn\u00edkem. To z toho d\u016fvodu, \u017ee nejprve mus\u00edme d\u00edly naprogramovat pro zji\u0161t\u011bn\u00ed v\u00fdrobn\u00edch \u010das\u016f a pot\u00e9 m\u016f\u017eeme stanovit cenu za v\u00fdrobu (\u0159ez\u00e1n\u00ed).<br \/>\n<strong style=\"line-height: 1.42857;\">Term\u00edny<\/strong><span style=\"line-height: 1.42857;\"> p\u0159\u00edpadn\u00e9 <\/span><strong style=\"line-height: 1.42857;\">v\u00fdroby<\/strong><span style=\"line-height: 1.42857;\"> jsou tak\u00e9 individu\u00e1ln\u00ed, sna\u017e\u00edme se v\u017edy ud\u011blat zak\u00e1zku co nejrychleji dle na\u0161ich mo\u017enost\u00ed a p\u0159\u00e1n\u00ed z\u00e1kazn\u00edka. Obecn\u011b ale m\u016f\u017eeme \u0159\u00edct, \u017ee term\u00edny dod\u00e1n\u00ed se pohybuj\u00ed v \u0159\u00e1dech n\u011bkolika dn\u016f a\u017e t\u00fddn\u016f.<\/span><\/p>\n<p>&nbsp;<\/p>\n<p><strong>KONTAKTUJTE N\u00c1S<\/strong><\/p>\n<p>Pokud v\u00e1s cokoliv zaj\u00edm\u00e1, nebojte se a ozv\u011bte se.<br \/>\n<strong style=\"line-height: 1.42857;\">Marian \u0160midrkal<br \/>\n<\/strong><span style=\"line-height: 1.42857;\">E-mail: info@smip.cz<br \/>\n<\/span><span style=\"line-height: 1.42857;\">m.smidrkal@smip.cz<\/span><\/p>\n","protected":false},"excerpt":{"rendered":"<p>Laserov\u00e9 \u0159ez\u00e1n\u00ed je metoda, d\u00edky kter\u00e9 je mo\u017en\u00e9 mnohem rychleji a z\u00e1rove\u0148 p\u0159esn\u011bji \u0159ezat r\u016fzn\u00e9 materi\u00e1ly jako nap\u0159. ocel, nerez pop\u0159. hlin\u00edk. Ve SMIPu m\u00e1me 3D laserov\u00e9 centrum, kter\u00e9 zvl\u00e1d\u00e1 \u0159ezat ocel do tlou\u0161\u0165ky 22 mm a pomoc\u00ed kter\u00e9ho \u0159e\u017eeme &hellip; <a href=\"https:\/\/www.smip.cz\/en\/laser-cutting\/\">Continued<\/a><\/p>\n","protected":false},"author":1,"featured_media":0,"parent":0,"menu_order":5,"comment_status":"closed","ping_status":"closed","template":"templates\/about-us.php","meta":{"_acf_changed":false,"footnotes":""},"class_list":["post-1352","page","type-page","status-publish","hentry"],"acf":[],"yoast_head":"<!-- This site is optimized with the Yoast SEO plugin v25.1 - https:\/\/yoast.com\/wordpress\/plugins\/seo\/ -->\n<title>Custom Laser Cutting | SMIP s.r.o. | 3D Laser Specialist<\/title>\n<meta name=\"description\" content=\"In our 3D laser center, we cut various materials up to 22 mm thick with maximum accuracy. We are able to cut heavy profiles up to 8 meters long.\" \/>\n<meta name=\"robots\" content=\"index, follow, max-snippet:-1, max-image-preview:large, max-video-preview:-1\" \/>\n<link rel=\"canonical\" href=\"https:\/\/www.smip.cz\/en\/laser-cutting\/\" \/>\n<meta property=\"og:locale\" content=\"en_US\" \/>\n<meta property=\"og:type\" content=\"article\" \/>\n<meta property=\"og:title\" content=\"Custom Laser Cutting | SMIP s.r.o. | 3D Laser Specialist\" \/>\n<meta property=\"og:description\" content=\"In our 3D laser center, we cut various materials up to 22 mm thick with maximum accuracy. We are able to cut heavy profiles up to 8 meters long.\" \/>\n<meta property=\"og:url\" content=\"https:\/\/www.smip.cz\/en\/laser-cutting\/\" \/>\n<meta property=\"og:site_name\" content=\"SMIP s.r.o. - Production of stairs, staircases and railings\" \/>\n<meta property=\"article:modified_time\" content=\"2019-09-18T09:53:12+00:00\" \/>\n<meta name=\"twitter:card\" content=\"summary_large_image\" \/>\n<meta name=\"twitter:label1\" content=\"Est. reading time\" \/>\n\t<meta name=\"twitter:data1\" content=\"2 minutes\" \/>\n<script type=\"application\/ld+json\" class=\"yoast-schema-graph\">{\"@context\":\"https:\/\/schema.org\",\"@graph\":[{\"@type\":\"WebPage\",\"@id\":\"https:\/\/www.smip.cz\/en\/laser-cutting\/\",\"url\":\"https:\/\/www.smip.cz\/en\/laser-cutting\/\",\"name\":\"Custom Laser Cutting | SMIP s.r.o. | 3D Laser Specialist\",\"isPartOf\":{\"@id\":\"https:\/\/www.smip.cz\/en\/#website\"},\"datePublished\":\"2017-08-14T05:47:08+00:00\",\"dateModified\":\"2019-09-18T09:53:12+00:00\",\"description\":\"In our 3D laser center, we cut various materials up to 22 mm thick with maximum accuracy. We are able to cut heavy profiles up to 8 meters long.\",\"inLanguage\":\"en-US\",\"potentialAction\":[{\"@type\":\"ReadAction\",\"target\":[\"https:\/\/www.smip.cz\/en\/laser-cutting\/\"]}]},{\"@type\":\"WebSite\",\"@id\":\"https:\/\/www.smip.cz\/en\/#website\",\"url\":\"https:\/\/www.smip.cz\/en\/\",\"name\":\"SMIP s.r.o. - Production of stairs, staircases and railings\",\"description\":\"Always one floor above\",\"potentialAction\":[{\"@type\":\"SearchAction\",\"target\":{\"@type\":\"EntryPoint\",\"urlTemplate\":\"https:\/\/www.smip.cz\/en\/?s={search_term_string}\"},\"query-input\":{\"@type\":\"PropertyValueSpecification\",\"valueRequired\":true,\"valueName\":\"search_term_string\"}}],\"inLanguage\":\"en-US\"}]}<\/script>\n<!-- \/ Yoast SEO plugin. -->","yoast_head_json":{"title":"Custom Laser Cutting | SMIP s.r.o. | 3D Laser Specialist","description":"In our 3D laser center, we cut various materials up to 22 mm thick with maximum accuracy. We are able to cut heavy profiles up to 8 meters long.","robots":{"index":"index","follow":"follow","max-snippet":"max-snippet:-1","max-image-preview":"max-image-preview:large","max-video-preview":"max-video-preview:-1"},"canonical":"https:\/\/www.smip.cz\/en\/laser-cutting\/","og_locale":"en_US","og_type":"article","og_title":"Custom Laser Cutting | SMIP s.r.o. | 3D Laser Specialist","og_description":"In our 3D laser center, we cut various materials up to 22 mm thick with maximum accuracy. We are able to cut heavy profiles up to 8 meters long.","og_url":"https:\/\/www.smip.cz\/en\/laser-cutting\/","og_site_name":"SMIP s.r.o. - Production of stairs, staircases and railings","article_modified_time":"2019-09-18T09:53:12+00:00","twitter_card":"summary_large_image","twitter_misc":{"Est. reading time":"2 minutes"},"schema":{"@context":"https:\/\/schema.org","@graph":[{"@type":"WebPage","@id":"https:\/\/www.smip.cz\/en\/laser-cutting\/","url":"https:\/\/www.smip.cz\/en\/laser-cutting\/","name":"Custom Laser Cutting | SMIP s.r.o. | 3D Laser Specialist","isPartOf":{"@id":"https:\/\/www.smip.cz\/en\/#website"},"datePublished":"2017-08-14T05:47:08+00:00","dateModified":"2019-09-18T09:53:12+00:00","description":"In our 3D laser center, we cut various materials up to 22 mm thick with maximum accuracy. We are able to cut heavy profiles up to 8 meters long.","inLanguage":"en-US","potentialAction":[{"@type":"ReadAction","target":["https:\/\/www.smip.cz\/en\/laser-cutting\/"]}]},{"@type":"WebSite","@id":"https:\/\/www.smip.cz\/en\/#website","url":"https:\/\/www.smip.cz\/en\/","name":"SMIP s.r.o. - Production of stairs, staircases and railings","description":"Always one floor above","potentialAction":[{"@type":"SearchAction","target":{"@type":"EntryPoint","urlTemplate":"https:\/\/www.smip.cz\/en\/?s={search_term_string}"},"query-input":{"@type":"PropertyValueSpecification","valueRequired":true,"valueName":"search_term_string"}}],"inLanguage":"en-US"}]}},"_links":{"self":[{"href":"https:\/\/www.smip.cz\/en\/wp-json\/wp\/v2\/pages\/1352","targetHints":{"allow":["GET"]}}],"collection":[{"href":"https:\/\/www.smip.cz\/en\/wp-json\/wp\/v2\/pages"}],"about":[{"href":"https:\/\/www.smip.cz\/en\/wp-json\/wp\/v2\/types\/page"}],"author":[{"embeddable":true,"href":"https:\/\/www.smip.cz\/en\/wp-json\/wp\/v2\/users\/1"}],"replies":[{"embeddable":true,"href":"https:\/\/www.smip.cz\/en\/wp-json\/wp\/v2\/comments?post=1352"}],"version-history":[{"count":2,"href":"https:\/\/www.smip.cz\/en\/wp-json\/wp\/v2\/pages\/1352\/revisions"}],"predecessor-version":[{"id":1354,"href":"https:\/\/www.smip.cz\/en\/wp-json\/wp\/v2\/pages\/1352\/revisions\/1354"}],"wp:attachment":[{"href":"https:\/\/www.smip.cz\/en\/wp-json\/wp\/v2\/media?parent=1352"}],"curies":[{"name":"wp","href":"https:\/\/api.w.org\/{rel}","templated":true}]}}