{"id":1356,"date":"2019-03-28T12:11:58","date_gmt":"2019-03-28T11:11:58","guid":{"rendered":"https:\/\/www.smip.cz\/materials-treads\/tvrzeny-kamen\/"},"modified":"2019-07-08T11:07:53","modified_gmt":"2019-07-08T09:07:53","slug":"hardened-stone","status":"publish","type":"page","link":"https:\/\/www.smip.cz\/en\/materials-treads\/hardened-stone\/","title":{"rendered":"Hardened stone"},"content":{"rendered":"","protected":false},"excerpt":{"rendered":"","protected":false},"author":2,"featured_media":0,"parent":1337,"menu_order":0,"comment_status":"closed","ping_status":"closed","template":"templates\/vzornik.php","meta":{"_acf_changed":false,"footnotes":""},"class_list":["post-1356","page","type-page","status-publish","hentry"],"acf":[],"yoast_head":"<!-- This site is optimized with the Yoast SEO plugin v25.1 - https:\/\/yoast.com\/wordpress\/plugins\/seo\/ -->\n<title>Kamenn\u00e9 venkovn\u00ed schodi\u0161t\u011b -SMIP s.r.o.<\/title>\n<meta name=\"description\" content=\"Vyr\u00e1b\u00edme a instalujeme kamenn\u00e1 schodi\u0161t\u011b V\u00e1m na m\u00edru. Kamenn\u00e9 schody jsou modern\u00ed a hlavn\u011b trval\u00e9 a vn\u011bj\u0161\u00ed schodi\u0161t\u011b se tak stane ozdobou domu.\" \/>\n<meta name=\"robots\" content=\"index, follow, max-snippet:-1, max-image-preview:large, max-video-preview:-1\" \/>\n<link rel=\"canonical\" href=\"https:\/\/www.smip.cz\/en\/materials-treads\/hardened-stone\/\" \/>\n<meta property=\"og:locale\" content=\"en_US\" \/>\n<meta property=\"og:type\" content=\"article\" \/>\n<meta property=\"og:title\" content=\"Kamenn\u00e9 venkovn\u00ed schodi\u0161t\u011b -SMIP s.r.o.\" \/>\n<meta property=\"og:description\" content=\"Vyr\u00e1b\u00edme a instalujeme kamenn\u00e1 schodi\u0161t\u011b V\u00e1m na m\u00edru. Kamenn\u00e9 schody jsou modern\u00ed a hlavn\u011b trval\u00e9 a vn\u011bj\u0161\u00ed schodi\u0161t\u011b se tak stane ozdobou domu.\" \/>\n<meta property=\"og:url\" content=\"https:\/\/www.smip.cz\/en\/materials-treads\/hardened-stone\/\" \/>\n<meta property=\"og:site_name\" content=\"SMIP s.r.o. - Production of stairs, staircases and railings\" \/>\n<meta property=\"article:modified_time\" content=\"2019-07-08T09:07:53+00:00\" \/>\n<meta name=\"twitter:card\" content=\"summary_large_image\" \/>\n<script type=\"application\/ld+json\" class=\"yoast-schema-graph\">{\"@context\":\"https:\/\/schema.org\",\"@graph\":[{\"@type\":\"WebPage\",\"@id\":\"https:\/\/www.smip.cz\/en\/materials-treads\/hardened-stone\/\",\"url\":\"https:\/\/www.smip.cz\/en\/materials-treads\/hardened-stone\/\",\"name\":\"Kamenn\u00e9 venkovn\u00ed schodi\u0161t\u011b -SMIP s.r.o.\",\"isPartOf\":{\"@id\":\"https:\/\/www.smip.cz\/en\/#website\"},\"datePublished\":\"2019-03-28T11:11:58+00:00\",\"dateModified\":\"2019-07-08T09:07:53+00:00\",\"description\":\"Vyr\u00e1b\u00edme a instalujeme kamenn\u00e1 schodi\u0161t\u011b V\u00e1m na m\u00edru. Kamenn\u00e9 schody jsou modern\u00ed a hlavn\u011b trval\u00e9 a vn\u011bj\u0161\u00ed schodi\u0161t\u011b se tak stane ozdobou domu.\",\"breadcrumb\":{\"@id\":\"https:\/\/www.smip.cz\/en\/materials-treads\/hardened-stone\/#breadcrumb\"},\"inLanguage\":\"en-US\",\"potentialAction\":[{\"@type\":\"ReadAction\",\"target\":[\"https:\/\/www.smip.cz\/en\/materials-treads\/hardened-stone\/\"]}]},{\"@type\":\"BreadcrumbList\",\"@id\":\"https:\/\/www.smip.cz\/en\/materials-treads\/hardened-stone\/#breadcrumb\",\"itemListElement\":[{\"@type\":\"ListItem\",\"position\":1,\"name\":\"Materials-treads\",\"item\":\"https:\/\/www.smip.cz\/en\/materials-treads\/\"},{\"@type\":\"ListItem\",\"position\":2,\"name\":\"Hardened stone\"}]},{\"@type\":\"WebSite\",\"@id\":\"https:\/\/www.smip.cz\/en\/#website\",\"url\":\"https:\/\/www.smip.cz\/en\/\",\"name\":\"SMIP s.r.o. - Production of stairs, staircases and railings\",\"description\":\"Always one floor above\",\"potentialAction\":[{\"@type\":\"SearchAction\",\"target\":{\"@type\":\"EntryPoint\",\"urlTemplate\":\"https:\/\/www.smip.cz\/en\/?s={search_term_string}\"},\"query-input\":{\"@type\":\"PropertyValueSpecification\",\"valueRequired\":true,\"valueName\":\"search_term_string\"}}],\"inLanguage\":\"en-US\"}]}<\/script>\n<!-- \/ Yoast SEO plugin. -->","yoast_head_json":{"title":"Kamenn\u00e9 venkovn\u00ed schodi\u0161t\u011b -SMIP s.r.o.","description":"Vyr\u00e1b\u00edme a instalujeme kamenn\u00e1 schodi\u0161t\u011b V\u00e1m na m\u00edru. Kamenn\u00e9 schody jsou modern\u00ed a hlavn\u011b trval\u00e9 a vn\u011bj\u0161\u00ed schodi\u0161t\u011b se tak stane ozdobou domu.","robots":{"index":"index","follow":"follow","max-snippet":"max-snippet:-1","max-image-preview":"max-image-preview:large","max-video-preview":"max-video-preview:-1"},"canonical":"https:\/\/www.smip.cz\/en\/materials-treads\/hardened-stone\/","og_locale":"en_US","og_type":"article","og_title":"Kamenn\u00e9 venkovn\u00ed schodi\u0161t\u011b -SMIP s.r.o.","og_description":"Vyr\u00e1b\u00edme a instalujeme kamenn\u00e1 schodi\u0161t\u011b V\u00e1m na m\u00edru. Kamenn\u00e9 schody jsou modern\u00ed a hlavn\u011b trval\u00e9 a vn\u011bj\u0161\u00ed schodi\u0161t\u011b se tak stane ozdobou domu.","og_url":"https:\/\/www.smip.cz\/en\/materials-treads\/hardened-stone\/","og_site_name":"SMIP s.r.o. - Production of stairs, staircases and railings","article_modified_time":"2019-07-08T09:07:53+00:00","twitter_card":"summary_large_image","schema":{"@context":"https:\/\/schema.org","@graph":[{"@type":"WebPage","@id":"https:\/\/www.smip.cz\/en\/materials-treads\/hardened-stone\/","url":"https:\/\/www.smip.cz\/en\/materials-treads\/hardened-stone\/","name":"Kamenn\u00e9 venkovn\u00ed schodi\u0161t\u011b -SMIP s.r.o.","isPartOf":{"@id":"https:\/\/www.smip.cz\/en\/#website"},"datePublished":"2019-03-28T11:11:58+00:00","dateModified":"2019-07-08T09:07:53+00:00","description":"Vyr\u00e1b\u00edme a instalujeme kamenn\u00e1 schodi\u0161t\u011b V\u00e1m na m\u00edru. Kamenn\u00e9 schody jsou modern\u00ed a hlavn\u011b trval\u00e9 a vn\u011bj\u0161\u00ed schodi\u0161t\u011b se tak stane ozdobou domu.","breadcrumb":{"@id":"https:\/\/www.smip.cz\/en\/materials-treads\/hardened-stone\/#breadcrumb"},"inLanguage":"en-US","potentialAction":[{"@type":"ReadAction","target":["https:\/\/www.smip.cz\/en\/materials-treads\/hardened-stone\/"]}]},{"@type":"BreadcrumbList","@id":"https:\/\/www.smip.cz\/en\/materials-treads\/hardened-stone\/#breadcrumb","itemListElement":[{"@type":"ListItem","position":1,"name":"Materials-treads","item":"https:\/\/www.smip.cz\/en\/materials-treads\/"},{"@type":"ListItem","position":2,"name":"Hardened stone"}]},{"@type":"WebSite","@id":"https:\/\/www.smip.cz\/en\/#website","url":"https:\/\/www.smip.cz\/en\/","name":"SMIP s.r.o. - Production of stairs, staircases and railings","description":"Always one floor above","potentialAction":[{"@type":"SearchAction","target":{"@type":"EntryPoint","urlTemplate":"https:\/\/www.smip.cz\/en\/?s={search_term_string}"},"query-input":{"@type":"PropertyValueSpecification","valueRequired":true,"valueName":"search_term_string"}}],"inLanguage":"en-US"}]}},"_links":{"self":[{"href":"https:\/\/www.smip.cz\/en\/wp-json\/wp\/v2\/pages\/1356","targetHints":{"allow":["GET"]}}],"collection":[{"href":"https:\/\/www.smip.cz\/en\/wp-json\/wp\/v2\/pages"}],"about":[{"href":"https:\/\/www.smip.cz\/en\/wp-json\/wp\/v2\/types\/page"}],"author":[{"embeddable":true,"href":"https:\/\/www.smip.cz\/en\/wp-json\/wp\/v2\/users\/2"}],"replies":[{"embeddable":true,"href":"https:\/\/www.smip.cz\/en\/wp-json\/wp\/v2\/comments?post=1356"}],"version-history":[{"count":1,"href":"https:\/\/www.smip.cz\/en\/wp-json\/wp\/v2\/pages\/1356\/revisions"}],"predecessor-version":[{"id":1357,"href":"https:\/\/www.smip.cz\/en\/wp-json\/wp\/v2\/pages\/1356\/revisions\/1357"}],"up":[{"embeddable":true,"href":"https:\/\/www.smip.cz\/en\/wp-json\/wp\/v2\/pages\/1337"}],"wp:attachment":[{"href":"https:\/\/www.smip.cz\/en\/wp-json\/wp\/v2\/media?parent=1356"}],"curies":[{"name":"wp","href":"https:\/\/api.w.org\/{rel}","templated":true}]}}